{"id":102,"date":"2019-01-08T13:58:06","date_gmt":"2019-01-08T13:58:06","guid":{"rendered":"http:\/\/lasencinas.com.ar\/wp\/?page_id=102"},"modified":"2019-02-18T15:51:38","modified_gmt":"2019-02-18T15:51:38","slug":"actividades-2","status":"publish","type":"page","link":"http:\/\/lasencinas.com.ar\/wp\/actividades-2\/","title":{"rendered":"Actividades"},"content":{"rendered":"<p>El complejo Las Encinas se ubica en El Potrero de los Funes, que es un valle rodeado por serran\u00edas donde se pueden apreciar quebradas, arroyos y saltos, siendo uno de los lugares de veraneo m\u00e1s tradicionales de San Luis. El valle lleva su nombre en memoria a una familia que residi\u00f3 en ese paraje.<\/p>\n<p>Visitado por sanluise\u00f1os y turistas durante todo el a\u00f1o, pero especialmente en \u00e9poca estival, cuando la sombra de sus tupidas arboledas y las aguas cristalinas de sus r\u00edos son el b\u00e1lsamo ideal para descansar, disfrutar y descargar todo resabio de tensiones urbanas.<\/p>\n<p>El Embalse Potrero de los Funes es el centro de este pintoresco paraje que une armoniosamente las distintas tonalidades de verde de las sierras con el paisaje lacustre y toda la gama de actividades que pueden desarrollarse:<\/p>\n<ul>\n<li>Actividades recreativas en el balneario y costanera del dique.<\/li>\n<li>Trekking con gu\u00edas especializados.<\/li>\n<li>Escaladas en la Quebrada de los C\u00f3ndores.<\/li>\n<li>Visitas al Parque Nativo.<\/li>\n<li>Pesca en el Dique.<\/li>\n<li>Deportes acu\u00e1ticos como Windsurf y canotaje.<\/li>\n<li>Recorrido del camino que une Potrero con Trapiche.<\/li>\n<li>Vuelo en parapente.<\/li>\n<\/ul>\n<p class=\"jetpack-slideshow-noscript robots-nocontent\">El pase de diapositivas requiere JavaScript.<\/p><div id=\"gallery-102-1-slideshow\" class=\"jetpack-slideshow-window jetpack-slideshow jetpack-slideshow-black\" data-trans=\"fade\" data-autostart=\"1\" data-gallery=\"[{&quot;src&quot;:&quot;http:\\\/\\\/lasencinas.com.ar\\\/wp\\\/wp-content\\\/uploads\\\/2019\\\/02\\\/FB_IMG_1550192563876.jpg&quot;,&quot;id&quot;:&quot;428&quot;,&quot;title&quot;:&quot;FB_IMG_1550192563876&quot;,&quot;alt&quot;:&quot;&quot;,&quot;caption&quot;:&quot;&quot;,&quot;itemprop&quot;:&quot;image&quot;},{&quot;src&quot;:&quot;http:\\\/\\\/lasencinas.com.ar\\\/wp\\\/wp-content\\\/uploads\\\/2019\\\/02\\\/FB_IMG_1550192325220.jpg&quot;,&quot;id&quot;:&quot;431&quot;,&quot;title&quot;:&quot;FB_IMG_1550192325220&quot;,&quot;alt&quot;:&quot;&quot;,&quot;caption&quot;:&quot;&quot;,&quot;itemprop&quot;:&quot;image&quot;},{&quot;src&quot;:&quot;http:\\\/\\\/lasencinas.com.ar\\\/wp\\\/wp-content\\\/uploads\\\/2019\\\/02\\\/rio8.jpg&quot;,&quot;id&quot;:&quot;427&quot;,&quot;title&quot;:&quot;rio8&quot;,&quot;alt&quot;:&quot;&quot;,&quot;caption&quot;:&quot;&quot;,&quot;itemprop&quot;:&quot;image&quot;},{&quot;src&quot;:&quot;http:\\\/\\\/lasencinas.com.ar\\\/wp\\\/wp-content\\\/uploads\\\/2019\\\/02\\\/26615443491_530f877b1c_b.jpg&quot;,&quot;id&quot;:&quot;426&quot;,&quot;title&quot;:&quot;26615443491_530f877b1c_b&quot;,&quot;alt&quot;:&quot;&quot;,&quot;caption&quot;:&quot;&quot;,&quot;itemprop&quot;:&quot;image&quot;},{&quot;src&quot;:&quot;http:\\\/\\\/lasencinas.com.ar\\\/wp\\\/wp-content\\\/uploads\\\/2019\\\/02\\\/FB_IMG_1550192736294.jpg&quot;,&quot;id&quot;:&quot;430&quot;,&quot;title&quot;:&quot;FB_IMG_1550192736294&quot;,&quot;alt&quot;:&quot;&quot;,&quot;caption&quot;:&quot;&quot;,&quot;itemprop&quot;:&quot;image&quot;},{&quot;src&quot;:&quot;http:\\\/\\\/lasencinas.com.ar\\\/wp\\\/wp-content\\\/uploads\\\/2019\\\/02\\\/20190115_203036.jpg&quot;,&quot;id&quot;:&quot;219&quot;,&quot;title&quot;:&quot;20190115_203036&quot;,&quot;alt&quot;:&quot;&quot;,&quot;caption&quot;:&quot;&quot;,&quot;itemprop&quot;:&quot;image&quot;},{&quot;src&quot;:&quot;http:\\\/\\\/lasencinas.com.ar\\\/wp\\\/wp-content\\\/uploads\\\/2019\\\/02\\\/FB_IMG_1550192657037.jpg&quot;,&quot;id&quot;:&quot;429&quot;,&quot;title&quot;:&quot;FB_IMG_1550192657037&quot;,&quot;alt&quot;:&quot;&quot;,&quot;caption&quot;:&quot;&quot;,&quot;itemprop&quot;:&quot;image&quot;}]\" itemscope itemtype=\"https:\/\/schema.org\/ImageGallery\"><\/div>\n","protected":false},"excerpt":{"rendered":"<p>El complejo Las Encinas se ubica en El Potrero de los Funes, que es un valle rodeado por serran\u00edas donde se pueden apreciar quebradas, arroyos y saltos, siendo uno de los lugares de veraneo m\u00e1s tradicionales de San Luis. El valle lleva su nombre en memoria a una familia que residi\u00f3 en ese paraje. Visitado [&hellip;]<\/p>\n","protected":false},"author":2,"featured_media":219,"parent":0,"menu_order":0,"comment_status":"closed","ping_status":"closed","template":"template-page-no-sidebar.php","meta":{"footnotes":""},"class_list":["post-102","page","type-page","status-publish","has-post-thumbnail","hentry"],"jetpack_sharing_enabled":true,"jetpack_shortlink":"https:\/\/wp.me\/PaItj6-1E","_links":{"self":[{"href":"http:\/\/lasencinas.com.ar\/wp\/wp-json\/wp\/v2\/pages\/102","targetHints":{"allow":["GET"]}}],"collection":[{"href":"http:\/\/lasencinas.com.ar\/wp\/wp-json\/wp\/v2\/pages"}],"about":[{"href":"http:\/\/lasencinas.com.ar\/wp\/wp-json\/wp\/v2\/types\/page"}],"author":[{"embeddable":true,"href":"http:\/\/lasencinas.com.ar\/wp\/wp-json\/wp\/v2\/users\/2"}],"replies":[{"embeddable":true,"href":"http:\/\/lasencinas.com.ar\/wp\/wp-json\/wp\/v2\/comments?post=102"}],"version-history":[{"count":6,"href":"http:\/\/lasencinas.com.ar\/wp\/wp-json\/wp\/v2\/pages\/102\/revisions"}],"predecessor-version":[{"id":440,"href":"http:\/\/lasencinas.com.ar\/wp\/wp-json\/wp\/v2\/pages\/102\/revisions\/440"}],"wp:featuredmedia":[{"embeddable":true,"href":"http:\/\/lasencinas.com.ar\/wp\/wp-json\/wp\/v2\/media\/219"}],"wp:attachment":[{"href":"http:\/\/lasencinas.com.ar\/wp\/wp-json\/wp\/v2\/media?parent=102"}],"curies":[{"name":"wp","href":"https:\/\/api.w.org\/{rel}","templated":true}]}}